{"id":25174,"date":"2025-09-23T14:46:26","date_gmt":"2025-09-23T12:46:26","guid":{"rendered":"https:\/\/ntb.org.cy\/?page_id=25174"},"modified":"2025-09-24T15:37:56","modified_gmt":"2025-09-24T13:37:56","slug":"eu-projects-hothreat","status":"publish","type":"page","link":"https:\/\/ntb.org.cy\/el\/eu-projectss\/eu-projects-hothreat\/","title":{"rendered":"EU Projects &#8211; Hothreat"},"content":{"rendered":"<div data-elementor-type=\"wp-page\" data-elementor-id=\"25174\" class=\"elementor elementor-25174\" data-elementor-post-type=\"page\">\n\t\t\t\t\t\t<section class=\"elementor-section elementor-top-section elementor-element elementor-element-2a02eb2 elementor-section-stretched elementor-section-boxed elementor-section-height-default elementor-section-height-default\" data-id=\"2a02eb2\" data-element_type=\"section\" data-e-type=\"section\" data-settings=\"{&quot;jet_parallax_layout_list&quot;:[],&quot;stretch_section&quot;:&quot;section-stretched&quot;}\">\n\t\t\t\t\t\t<div class=\"elementor-container elementor-column-gap-default\">\n\t\t\t\t\t<div class=\"elementor-column elementor-col-100 elementor-top-column elementor-element elementor-element-054757e\" data-id=\"054757e\" data-element_type=\"column\" data-e-type=\"column\">\n\t\t\t<div class=\"elementor-widget-wrap elementor-element-populated\">\n\t\t\t\t\t\t<div class=\"elementor-element elementor-element-0deb844 elementor-widget elementor-widget-spacer\" data-id=\"0deb844\" data-element_type=\"widget\" data-e-type=\"widget\" data-widget_type=\"spacer.default\">\n\t\t\t\t<div class=\"elementor-widget-container\">\n\t\t\t\t\t\t\t<div class=\"elementor-spacer\">\n\t\t\t<div class=\"elementor-spacer-inner\"><\/div>\n\t\t<\/div>\n\t\t\t\t\t\t<\/div>\n\t\t\t\t<\/div>\n\t\t\t\t<div class=\"elementor-element elementor-element-fef7aa2 elementor-widget elementor-widget-heading\" data-id=\"fef7aa2\" data-element_type=\"widget\" data-e-type=\"widget\" data-widget_type=\"heading.default\">\n\t\t\t\t<div class=\"elementor-widget-container\">\n\t\t\t\t\t<h3 class=\"elementor-heading-title elementor-size-default\">Introduction<\/h3>\t\t\t\t<\/div>\n\t\t\t\t<\/div>\n\t\t\t\t<div class=\"elementor-element elementor-element-dc6e071 elementor-widget elementor-widget-text-editor\" data-id=\"dc6e071\" data-element_type=\"widget\" data-e-type=\"widget\" data-widget_type=\"text-editor.default\">\n\t\t\t\t<div class=\"elementor-widget-container\">\n\t\t\t\t\t\t\t\t\t<p>HOTHREAT is a project focused on enhancing protection measures in hotels and conference centers against CBRNe threats (Chemical, Biological, Radiological, Nuclear, and explosive) by developing prevention, response, and consequence-management mechanisms tailored to their specific vulnerabilities. It aims to bridge gaps in preparedness via vulnerability analyses, best practices, guidelines for equipment and procedures, a multi-service communication model, training materials (including AR-enabled tools), and large-scale exercises with end-user involvement. Ultimately, HOTHREAT seeks to elevate safety standards for guests, staff, and facilities by equipping the hospitality sector to anticipate, respond to, and recover from emerging CBRNe risks.<\/p>\t\t\t\t\t\t\t\t<\/div>\n\t\t\t\t<\/div>\n\t\t\t\t<div class=\"elementor-element elementor-element-79a1a46 elementor-align-left elementor-mobile-align-center elementor-widget elementor-widget-button\" data-id=\"79a1a46\" data-element_type=\"widget\" data-e-type=\"widget\" data-widget_type=\"button.default\">\n\t\t\t\t<div class=\"elementor-widget-container\">\n\t\t\t\t\t\t\t\t\t<div class=\"elementor-button-wrapper\">\n\t\t\t\t\t<a class=\"elementor-button elementor-button-link elementor-size-md\" href=\"https:\/\/hothreat.eu\/\" target=\"_blank\">\n\t\t\t\t\t\t<span class=\"elementor-button-content-wrapper\">\n\t\t\t\t\t\t\t\t\t<span class=\"elementor-button-text\">Website<\/span>\n\t\t\t\t\t<\/span>\n\t\t\t\t\t<\/a>\n\t\t\t\t<\/div>\n\t\t\t\t\t\t\t\t<\/div>\n\t\t\t\t<\/div>\n\t\t\t\t<div class=\"elementor-element elementor-element-0ffd0e5 elementor-widget elementor-widget-heading\" data-id=\"0ffd0e5\" data-element_type=\"widget\" data-e-type=\"widget\" data-widget_type=\"heading.default\">\n\t\t\t\t<div class=\"elementor-widget-container\">\n\t\t\t\t\t<h3 class=\"elementor-heading-title elementor-size-default\">EU Projects - Hothreat<\/h3>\t\t\t\t<\/div>\n\t\t\t\t<\/div>\n\t\t\t\t<div class=\"elementor-element elementor-element-f46352c elementor-grid-3 elementor-grid-tablet-2 elementor-grid-mobile-1 elementor-posts--thumbnail-top elementor-widget elementor-widget-posts\" data-id=\"f46352c\" data-element_type=\"widget\" data-e-type=\"widget\" data-settings=\"{&quot;classic_masonry&quot;:&quot;yes&quot;,&quot;classic_columns&quot;:&quot;3&quot;,&quot;classic_columns_tablet&quot;:&quot;2&quot;,&quot;classic_columns_mobile&quot;:&quot;1&quot;,&quot;classic_row_gap&quot;:{&quot;unit&quot;:&quot;px&quot;,&quot;size&quot;:35,&quot;sizes&quot;:[]},&quot;classic_row_gap_tablet&quot;:{&quot;unit&quot;:&quot;px&quot;,&quot;size&quot;:&quot;&quot;,&quot;sizes&quot;:[]},&quot;classic_row_gap_mobile&quot;:{&quot;unit&quot;:&quot;px&quot;,&quot;size&quot;:&quot;&quot;,&quot;sizes&quot;:[]}}\" data-widget_type=\"posts.classic\">\n\t\t\t\t<div class=\"elementor-widget-container\">\n\t\t\t\t\t\t\t<div class=\"elementor-posts-container elementor-posts elementor-posts--skin-classic elementor-grid\" role=\"list\">\n\t\t\t\t<article class=\"elementor-post elementor-grid-item post-25593 post type-post status-publish format-standard has-post-thumbnail hentry category-eu-projects category-featured category-hotreat category-news category-uncategorized\" role=\"listitem\">\n\t\t\t\t<a class=\"elementor-post__thumbnail__link\" href=\"https:\/\/ntb.org.cy\/el\/hothreat-concludes-why-cbrn-preparedness-matters-for-nicosia-and-europes-hospitality-sector\/\" tabindex=\"-1\" >\n\t\t\t<div class=\"elementor-post__thumbnail\"><img fetchpriority=\"high\" decoding=\"async\" width=\"300\" height=\"200\" src=\"https:\/\/ntb.org.cy\/wp-content\/uploads\/2026\/02\/55088570260_f8a0f6106a_b-300x200.jpg\" class=\"attachment-medium size-medium wp-image-25594\" alt=\"\" srcset=\"https:\/\/ntb.org.cy\/wp-content\/uploads\/2026\/02\/55088570260_f8a0f6106a_b-300x200.jpg 300w, https:\/\/ntb.org.cy\/wp-content\/uploads\/2026\/02\/55088570260_f8a0f6106a_b-768x512.jpg 768w, https:\/\/ntb.org.cy\/wp-content\/uploads\/2026\/02\/55088570260_f8a0f6106a_b-18x12.jpg 18w, https:\/\/ntb.org.cy\/wp-content\/uploads\/2026\/02\/55088570260_f8a0f6106a_b-600x400.jpg 600w, https:\/\/ntb.org.cy\/wp-content\/uploads\/2026\/02\/55088570260_f8a0f6106a_b-750x500.jpg 750w, https:\/\/ntb.org.cy\/wp-content\/uploads\/2026\/02\/55088570260_f8a0f6106a_b-540x360.jpg 540w, https:\/\/ntb.org.cy\/wp-content\/uploads\/2026\/02\/55088570260_f8a0f6106a_b.jpg 1024w\" sizes=\"(max-width: 300px) 100vw, 300px\" \/><\/div>\n\t\t<\/a>\n\t\t\t\t<div class=\"elementor-post__text\">\n\t\t\t\t<h3 class=\"elementor-post__title\">\n\t\t\t<a href=\"https:\/\/ntb.org.cy\/el\/hothreat-concludes-why-cbrn-preparedness-matters-for-nicosia-and-europes-hospitality-sector\/\" >\n\t\t\t\tHOTHREAT Concludes: Why CBRN Preparedness Matters for Nicosia and Europe\u2019s Hospitality Sector\t\t\t<\/a>\n\t\t<\/h3>\n\t\t\t\t<div class=\"elementor-post__meta-data\">\n\t\t\t\t\t<span class=\"elementor-post-date\">\n\t\t\t13 \u03a6\u03b5\u03b2\u03c1\u03bf\u03c5\u03b1\u03c1\u03af\u03bf\u03c5, 2026\t\t<\/span>\n\t\t\t\t<\/div>\n\t\t\t\t<div class=\"elementor-post__excerpt\">\n\t\t\t<p>On February 5th, the HOTHREAT project officially concluded with its Final Conference at the Conference and Sport Centre (CSK) in \u0141\u00f3d\u017a, Poland. After nearly three years of collaboration, research, and<\/p>\n\t\t<\/div>\n\t\t\n\t\t<a class=\"elementor-post__read-more\" href=\"https:\/\/ntb.org.cy\/el\/hothreat-concludes-why-cbrn-preparedness-matters-for-nicosia-and-europes-hospitality-sector\/\" aria-label=\"Read more about HOTHREAT Concludes: Why CBRN Preparedness Matters for Nicosia and Europe\u2019s Hospitality Sector\" tabindex=\"-1\" >\n\t\t\tRead More \u00bb\t\t<\/a>\n\n\t\t\t\t<\/div>\n\t\t\t\t<\/article>\n\t\t\t\t<article class=\"elementor-post elementor-grid-item post-24908 post type-post status-publish format-standard has-post-thumbnail hentry category-eu-projects category-hotreat\" role=\"listitem\">\n\t\t\t\t<a class=\"elementor-post__thumbnail__link\" href=\"https:\/\/ntb.org.cy\/el\/hothreat-project-raising-awareness-on-safety-in-hospitality\/\" tabindex=\"-1\" >\n\t\t\t<div class=\"elementor-post__thumbnail\"><img decoding=\"async\" width=\"300\" height=\"200\" src=\"https:\/\/ntb.org.cy\/wp-content\/uploads\/2025\/04\/1744362573024-300x200.jpg\" class=\"attachment-medium size-medium wp-image-24913\" alt=\"\" srcset=\"https:\/\/ntb.org.cy\/wp-content\/uploads\/2025\/04\/1744362573024-300x200.jpg 300w, https:\/\/ntb.org.cy\/wp-content\/uploads\/2025\/04\/1744362573024-1024x683.jpg 1024w, https:\/\/ntb.org.cy\/wp-content\/uploads\/2025\/04\/1744362573024-768x512.jpg 768w, https:\/\/ntb.org.cy\/wp-content\/uploads\/2025\/04\/1744362573024-1536x1024.jpg 1536w, https:\/\/ntb.org.cy\/wp-content\/uploads\/2025\/04\/1744362573024-18x12.jpg 18w, https:\/\/ntb.org.cy\/wp-content\/uploads\/2025\/04\/1744362573024-600x400.jpg 600w, https:\/\/ntb.org.cy\/wp-content\/uploads\/2025\/04\/1744362573024-750x500.jpg 750w, https:\/\/ntb.org.cy\/wp-content\/uploads\/2025\/04\/1744362573024-540x360.jpg 540w, https:\/\/ntb.org.cy\/wp-content\/uploads\/2025\/04\/1744362573024.jpg 2048w\" sizes=\"(max-width: 300px) 100vw, 300px\" \/><\/div>\n\t\t<\/a>\n\t\t\t\t<div class=\"elementor-post__text\">\n\t\t\t\t<h3 class=\"elementor-post__title\">\n\t\t\t<a href=\"https:\/\/ntb.org.cy\/el\/hothreat-project-raising-awareness-on-safety-in-hospitality\/\" >\n\t\t\t\tHOTHREAT Project: Raising Awareness on Safety in Hospitality\t\t\t<\/a>\n\t\t<\/h3>\n\t\t\t\t<div class=\"elementor-post__meta-data\">\n\t\t\t\t\t<span class=\"elementor-post-date\">\n\t\t\t29 \u0391\u03c0\u03c1\u03b9\u03bb\u03af\u03bf\u03c5, 2025\t\t<\/span>\n\t\t\t\t<\/div>\n\t\t\t\t<div class=\"elementor-post__excerpt\">\n\t\t\t<p>On April 10th, the Nicosia Tourism Board proudly hosted a dissemination event for the HOTHREAT \u2013 Tailored CBRNe Protection Measures for Hotels and Conference Centers project, in close collaboration with<\/p>\n\t\t<\/div>\n\t\t\n\t\t<a class=\"elementor-post__read-more\" href=\"https:\/\/ntb.org.cy\/el\/hothreat-project-raising-awareness-on-safety-in-hospitality\/\" aria-label=\"Read more about HOTHREAT Project: Raising Awareness on Safety in Hospitality\" tabindex=\"-1\" >\n\t\t\tRead More \u00bb\t\t<\/a>\n\n\t\t\t\t<\/div>\n\t\t\t\t<\/article>\n\t\t\t\t<article class=\"elementor-post elementor-grid-item post-24675 post type-post status-publish format-standard hentry category-eu-projects category-hotreat\" role=\"listitem\">\n\t\t\t\t<div class=\"elementor-post__text\">\n\t\t\t\t<h3 class=\"elementor-post__title\">\n\t\t\t<a href=\"https:\/\/ntb.org.cy\/el\/3rd-hothreat-consortium-meeting-successfully-concludes-in-athens\/\" >\n\t\t\t\t3rd HOTHREAT Consortium Meeting Successfully Concludes in Athens\t\t\t<\/a>\n\t\t<\/h3>\n\t\t\t\t<div class=\"elementor-post__meta-data\">\n\t\t\t\t\t<span class=\"elementor-post-date\">\n\t\t\t22 \u039f\u03ba\u03c4\u03c9\u03b2\u03c1\u03af\u03bf\u03c5, 2024\t\t<\/span>\n\t\t\t\t<\/div>\n\t\t\t\t<div class=\"elementor-post__excerpt\">\n\t\t\t<p>The third HOTHREAT Consortium Meeting recently took place at the Center for Security Studies (KEMEA) in Athens, Greece, marking an important milestone for the project. During the meeting, partners from<\/p>\n\t\t<\/div>\n\t\t\n\t\t<a class=\"elementor-post__read-more\" href=\"https:\/\/ntb.org.cy\/el\/3rd-hothreat-consortium-meeting-successfully-concludes-in-athens\/\" aria-label=\"Read more about 3rd HOTHREAT Consortium Meeting Successfully Concludes in Athens\" tabindex=\"-1\" >\n\t\t\tRead More \u00bb\t\t<\/a>\n\n\t\t\t\t<\/div>\n\t\t\t\t<\/article>\n\t\t\t\t<article class=\"elementor-post elementor-grid-item post-24511 post type-post status-publish format-standard hentry category-eu-projects category-hotreat\" role=\"listitem\">\n\t\t\t\t<div class=\"elementor-post__text\">\n\t\t\t\t<h3 class=\"elementor-post__title\">\n\t\t\t<a href=\"https:\/\/ntb.org.cy\/el\/ntb-in-spain-for-hothreat-project-consortium\/\" >\n\t\t\t\tNTB in Spain for Hothreat Project Consortium\t\t\t<\/a>\n\t\t<\/h3>\n\t\t\t\t<div class=\"elementor-post__meta-data\">\n\t\t\t\t\t<span class=\"elementor-post-date\">\n\t\t\t13 \u03a6\u03b5\u03b2\u03c1\u03bf\u03c5\u03b1\u03c1\u03af\u03bf\u03c5, 2024\t\t<\/span>\n\t\t\t\t<\/div>\n\t\t\t\t<div class=\"elementor-post__excerpt\">\n\t\t\t<p>The Nicosia Tourism Board participated in the 2nd Consortium meeting for the Hothreat Project, held in Barcelona, Spain, on February 6th and 7th, 2024. The meeting, a pivotal milestone in<\/p>\n\t\t<\/div>\n\t\t\n\t\t<a class=\"elementor-post__read-more\" href=\"https:\/\/ntb.org.cy\/el\/ntb-in-spain-for-hothreat-project-consortium\/\" aria-label=\"Read more about NTB in Spain for Hothreat Project Consortium\" tabindex=\"-1\" >\n\t\t\tRead More \u00bb\t\t<\/a>\n\n\t\t\t\t<\/div>\n\t\t\t\t<\/article>\n\t\t\t\t<article class=\"elementor-post elementor-grid-item post-24452 post type-post status-publish format-standard hentry category-eu-projects category-hotreat\" role=\"listitem\">\n\t\t\t\t<div class=\"elementor-post__text\">\n\t\t\t\t<h3 class=\"elementor-post__title\">\n\t\t\t<a href=\"https:\/\/ntb.org.cy\/el\/hothreat-project-x-nicosia-tourism-board\/\" >\n\t\t\t\tHOTHREAT Project X Nicosia Tourism Board\u00a0\t\t\t<\/a>\n\t\t<\/h3>\n\t\t\t\t<div class=\"elementor-post__meta-data\">\n\t\t\t\t\t<span class=\"elementor-post-date\">\n\t\t\t14 \u0394\u03b5\u03ba\u03b5\u03bc\u03b2\u03c1\u03af\u03bf\u03c5, 2023\t\t<\/span>\n\t\t\t\t<\/div>\n\t\t\t\t<div class=\"elementor-post__excerpt\">\n\t\t\t<p>Nicosia Tourism Board proudly announces its participation in the HOTHREAT project.\u00a0 The HOTHREAT consortium fosters cooperation among private and public entities, experts, end-users, security companies, and law enforcement agencies for<\/p>\n\t\t<\/div>\n\t\t\n\t\t<a class=\"elementor-post__read-more\" href=\"https:\/\/ntb.org.cy\/el\/hothreat-project-x-nicosia-tourism-board\/\" aria-label=\"Read more about HOTHREAT Project X Nicosia Tourism Board\u00a0\" tabindex=\"-1\" >\n\t\t\tRead More \u00bb\t\t<\/a>\n\n\t\t\t\t<\/div>\n\t\t\t\t<\/article>\n\t\t\t\t<\/div>\n\t\t\n\t\t\t\t\t\t<\/div>\n\t\t\t\t<\/div>\n\t\t\t\t\t<\/div>\n\t\t<\/div>\n\t\t\t\t\t<\/div>\n\t\t<\/section>\n\t\t\t\t<\/div>","protected":false},"excerpt":{"rendered":"<p>Introduction HOTHREAT is a project focused on enhancing protection measures in hotels and conference centers against CBRNe threats (Chemical, Biological, Radiological, Nuclear, and explosive) by developing prevention, response, and consequence-management mechanisms tailored to their specific vulnerabilities. It aims to bridge gaps in preparedness via vulnerability analyses, best practices, guidelines for equipment and procedures, a multi-service [&hellip;]<\/p>\n","protected":false},"author":7,"featured_media":0,"parent":23723,"menu_order":0,"comment_status":"closed","ping_status":"closed","template":"","meta":{"footnotes":""},"class_list":["post-25174","page","type-page","status-publish","hentry"],"_links":{"self":[{"href":"https:\/\/ntb.org.cy\/el\/wp-json\/wp\/v2\/pages\/25174","targetHints":{"allow":["GET"]}}],"collection":[{"href":"https:\/\/ntb.org.cy\/el\/wp-json\/wp\/v2\/pages"}],"about":[{"href":"https:\/\/ntb.org.cy\/el\/wp-json\/wp\/v2\/types\/page"}],"author":[{"embeddable":true,"href":"https:\/\/ntb.org.cy\/el\/wp-json\/wp\/v2\/users\/7"}],"replies":[{"embeddable":true,"href":"https:\/\/ntb.org.cy\/el\/wp-json\/wp\/v2\/comments?post=25174"}],"version-history":[{"count":13,"href":"https:\/\/ntb.org.cy\/el\/wp-json\/wp\/v2\/pages\/25174\/revisions"}],"predecessor-version":[{"id":25311,"href":"https:\/\/ntb.org.cy\/el\/wp-json\/wp\/v2\/pages\/25174\/revisions\/25311"}],"up":[{"embeddable":true,"href":"https:\/\/ntb.org.cy\/el\/wp-json\/wp\/v2\/pages\/23723"}],"wp:attachment":[{"href":"https:\/\/ntb.org.cy\/el\/wp-json\/wp\/v2\/media?parent=25174"}],"curies":[{"name":"wp","href":"https:\/\/api.w.org\/{rel}","templated":true}]}}